{"id":1346,"date":"2018-04-13T12:26:11","date_gmt":"2018-04-13T12:26:11","guid":{"rendered":"https:\/\/www.pridebarcelona.org\/nosotros\/"},"modified":"2023-06-20T13:07:59","modified_gmt":"2023-06-20T13:07:59","slug":"about-us","status":"publish","type":"page","link":"https:\/\/www.pridebarcelona.org\/en\/about-us\/","title":{"rendered":"About us"},"content":{"rendered":"<p>[vc_section el_id=&#8221;pride_2023&#8243;][vc_row][vc_column][ut_header font_weight=&#8221;&#8221; title=&#8221;Pride! BCN&#8221;][\/ut_header][\/vc_column][\/vc_row][vc_row][vc_column][vc_column_text]<\/p>\n<p style=\"text-align: center;\">PRIDE Barcelona is an event for everyone, a space where collectively we can can be heard and become visible, a place to celebrate and make a stand. From here we want to send a message to the world:<\/p>\n<p style=\"text-align: center;\"><strong>We have to love ourselves more.<\/strong> We have to love the outsiders, the people around us, those who are different from us and also those who think differently from us. We also have to show more respect for ourselves, it is because love has thousands of shapes and colours. Many times that\u2019s the only thing we need. A little bit of love. A hug. A smile.<\/p>\n<p style=\"text-align: center;\">Barcelona has always been a city with an open heart and respect for diversity. We cannot forget about this. It\u2019s time to get this feeling back. We want to gout out and scream that there is love for everyone. No matter who you are, no matter where you come from, this is for you.<\/p>\n<p>[\/vc_column_text][\/vc_column][\/vc_row][vc_row disable_element=&#8221;yes&#8221;][vc_column width=&#8221;1\/2&#8243;][vc_column_text el_class=&#8221;cartel_festivo&#8221;]The Sanitary Pandemic of COVID19 has affected the entire society and Pride! BCN is no stranger to this affectation, that is why, last April, the Organizing Committee of Pride! BCN agreed to suspend the regular programming of the event, based on massive face-to-face events, to propose a televised online programming the week of June 22-28.<\/p>\n<p>This year, the LGBTI Pride celebration cannot be done in person, but we maintain our annual appointment with all of you through the screens.<\/p>\n<p>Let&#8217;s separate now, to be closer together tomorrow.<\/p>\n<h2><strong>#PrideIsn&#8217;tSwhitchedOff<\/strong><\/h2>\n<p>[\/vc_column_text][\/vc_column][vc_column width=&#8221;1\/2&#8243;][ut_animated_image size=&#8221;full&#8221; align=&#8221;center&#8221; image=&#8221;2602&#8243;][\/vc_column][\/vc_row][vc_row disable_element=&#8221;yes&#8221;][vc_column][ut_btn button_text=&#8221;LOOK UP HERE THE SPECIAL PROGRAMMING FOR PRIDE! BCN 2020&#8243; button_link=&#8221;url:https%3A%2F%2Fwww.pridebarcelona.org%2Fen%2Fabout-us%2F|||&#8221;][vc_empty_space height=&#8221;60PX&#8221;][\/vc_column][\/vc_row][\/vc_section][vc_section el_id=&#8221;equipo&#8221;][vc_row][vc_column][ut_header font_weight=&#8221;&#8221; lead_color=&#8221;#000000&#8243; title=&#8221;Team&#8221;]<strong>PRIDE BCN<\/strong> was born as an initiative of <a href=\"http:\/\/www.acegal.org\/en\/\" target=\"_blank\" rel=\"noopener\"><strong>ACEGAL<\/strong><\/a> and it has an Organizing Committee formed by more than 20 people with a common mission: <strong>to raise awareness, defend, educate and celebrate diversity.<\/strong>[\/ut_header][\/vc_column][\/vc_row][vc_row el_class=&#8221;quitar_imagenes_equipo&#8221;][vc_column width=&#8221;1\/3&#8243;][ut_team_member name=&#8221;Ferran Poca&#8221; occupation=&#8221;Pride! BCN Organizing Comitee President&#8221; social=&#8221;%5B%7B%7D%5D&#8221; ocupation_color=&#8221;#f85065&#8243; icon_color=&#8221;#252525&#8243; icon_color_hover=&#8221;#ff3f00&#8243;][\/ut_team_member][\/vc_column][vc_column width=&#8221;1\/3&#8243;][ut_team_member line_width=&#8221;1&#8243; line_style=&#8221;dotted&#8221; name=&#8221;Maria Giralt&#8221; occupation=&#8221;Pride! BCN Social Area Director&#8221; social=&#8221;%5B%7B%7D%5D&#8221; ocupation_color=&#8221;#f85065&#8243; icon_color=&#8221;#252525&#8243; icon_color_hover=&#8221;#ff3f00&#8243; line_color=&#8221;#dddddd&#8221;][\/ut_team_member][\/vc_column][vc_column width=&#8221;1\/3&#8243;][ut_team_member line_width=&#8221;1&#8243; line_style=&#8221;dotted&#8221; name=&#8221;Ferran Camarasa&#8221; occupation=&#8221;Financial &amp; Production Director&#8221; social=&#8221;%5B%7B%7D%5D&#8221; ocupation_color=&#8221;#f85065&#8243; icon_color=&#8221;#252525&#8243; icon_color_hover=&#8221;#ff3f00&#8243; line_color=&#8221;#dddddd&#8221;][\/ut_team_member][\/vc_column][\/vc_row][vc_row el_class=&#8221;quitar_imagenes_equipo&#8221;][vc_column][ut_team_member line_width=&#8221;1&#8243; line_style=&#8221;dotted&#8221; name=&#8221;Dani Morales&#8221; occupation=&#8221;Pride! BCN General Manager&#8221; social=&#8221;%5B%7B%7D%5D&#8221; ocupation_color=&#8221;#f85065&#8243; icon_color=&#8221;#252525&#8243; icon_color_hover=&#8221;#ff3f00&#8243; line_color=&#8221;#dddddd&#8221;][\/ut_team_member][\/vc_column][\/vc_row][vc_row el_class=&#8221;quitar_imagenes_equipo&#8221;][vc_column width=&#8221;1\/2&#8243;][ut_team_member line_width=&#8221;1&#8243; line_style=&#8221;dotted&#8221; name=&#8221;S\u00edlvia P\u00e9rez-Pallar\u00e8s&#8221; occupation=&#8221;Technical office&#8221; social=&#8221;%5B%7B%7D%5D&#8221; ocupation_color=&#8221;#f85065&#8243; icon_color=&#8221;#252525&#8243; icon_color_hover=&#8221;#ff3f00&#8243; line_color=&#8221;#dddddd&#8221;][\/ut_team_member][\/vc_column][vc_column width=&#8221;1\/2&#8243;][ut_team_member line_width=&#8221;1&#8243; line_style=&#8221;dotted&#8221; name=&#8221;Joan Navarro&#8221; occupation=&#8221;Events Production&#8221; social=&#8221;%5B%7B%7D%5D&#8221; ocupation_color=&#8221;#f85065&#8243; icon_color=&#8221;#252525&#8243; icon_color_hover=&#8221;#ff3f00&#8243; line_color=&#8221;#dddddd&#8221;][\/ut_team_member][\/vc_column][\/vc_row][vc_row][vc_column][vc_zigzag color=&#8221;custom&#8221; el_width=&#8221;40&#8243; el_border_width=&#8221;8&#8243; custom_color=&#8221;#f85065&#8243;][\/vc_column][\/vc_row][vc_row el_class=&#8221;quitar_imagenes_equipo&#8221;][vc_column width=&#8221;1\/3&#8243;][ut_team_member line_width=&#8221;1&#8243; line_style=&#8221;dotted&#8221; name=&#8221;Both People &amp; Comms&#8221; occupation=&#8221;PR Manager&#8221; social=&#8221;%5B%7B%7D%5D&#8221; ocupation_color=&#8221;#f85065&#8243; icon_color=&#8221;#252525&#8243; icon_color_hover=&#8221;#ff3f00&#8243; line_color=&#8221;#dddddd&#8221;][\/ut_team_member][\/vc_column][vc_column width=&#8221;1\/3&#8243;][ut_team_member line_width=&#8221;1&#8243; line_style=&#8221;dotted&#8221; name=&#8221;Benito Eres (GAG)&#8221; occupation=&#8221;Social Area&#8221; social=&#8221;%5B%7B%7D%5D&#8221; ocupation_color=&#8221;#f85065&#8243; icon_color=&#8221;#252525&#8243; icon_color_hover=&#8221;#ff3f00&#8243; line_color=&#8221;#dddddd&#8221;][\/ut_team_member][\/vc_column][vc_column width=&#8221;1\/3&#8243;][ut_team_member line_width=&#8221;1&#8243; line_style=&#8221;dotted&#8221; name=&#8221;Montse Mota (FLG)&#8221; occupation=&#8221;PRIDE KIDS&#8221; social=&#8221;%5B%7B%7D%5D&#8221; ocupation_color=&#8221;#f85065&#8243; icon_color=&#8221;#252525&#8243; icon_color_hover=&#8221;#ff3f00&#8243; line_color=&#8221;#dddddd&#8221;][\/ut_team_member][\/vc_column][\/vc_row][vc_row el_class=&#8221;quitar_imagenes_equipo&#8221;][vc_column width=&#8221;1\/3&#8243;][ut_team_member line_width=&#8221;1&#8243; line_style=&#8221;dotted&#8221; name=&#8221;Henrique Lisboa&#8221; occupation=&#8221;Bar Logistics &#8221; social=&#8221;%5B%7B%7D%5D&#8221; ocupation_color=&#8221;#f85065&#8243; icon_color=&#8221;#252525&#8243; icon_color_hover=&#8221;#f469cd&#8221; line_color=&#8221;#dddddd&#8221;][\/ut_team_member][\/vc_column][vc_column width=&#8221;1\/3&#8243;][ut_team_member line_width=&#8221;1&#8243; line_style=&#8221;dotted&#8221; name=&#8221;\u00c1lvaro Maldonado&#8221; occupation=&#8221;Ticketing&#8221; social=&#8221;%5B%7B%7D%5D&#8221; ocupation_color=&#8221;#f85065&#8243; icon_color=&#8221;#252525&#8243; icon_color_hover=&#8221;#ff3f00&#8243; line_color=&#8221;#dddddd&#8221;][\/ut_team_member][\/vc_column][vc_column width=&#8221;1\/3&#8243;][ut_team_member line_width=&#8221;1&#8243; line_style=&#8221;dotted&#8221; name=&#8221;Sergio Soler&#8221; occupation=&#8221;Volunteer Coordinator&#8221; social=&#8221;%5B%7B%7D%5D&#8221; ocupation_color=&#8221;#f85065&#8243; icon_color=&#8221;#252525&#8243; icon_color_hover=&#8221;#ff3f00&#8243; line_color=&#8221;#dddddd&#8221;][\/ut_team_member][\/vc_column][\/vc_row][vc_row el_class=&#8221;quitar_imagenes_equipo&#8221;][vc_column width=&#8221;1\/3&#8243;][ut_team_member line_width=&#8221;1&#8243; line_style=&#8221;dotted&#8221; name=&#8221;Toni Mej\u00edas&#8221; occupation=&#8221;Village &amp; Volunteer Support&#8221; social=&#8221;%5B%7B%7D%5D&#8221; ocupation_color=&#8221;#f85065&#8243; icon_color=&#8221;#252525&#8243; icon_color_hover=&#8221;#ff3f00&#8243; line_color=&#8221;#dddddd&#8221;][\/ut_team_member][\/vc_column][vc_column width=&#8221;1\/3&#8243;][ut_team_member line_width=&#8221;1&#8243; line_style=&#8221;dotted&#8221; name=&#8221;Alba Guarch&#8221; occupation=&#8221;Pride Kids &amp; Volunteer Support&#8221; social=&#8221;%5B%7B%7D%5D&#8221; ocupation_color=&#8221;#f85065&#8243; icon_color=&#8221;#252525&#8243; icon_color_hover=&#8221;#ff3f00&#8243; line_color=&#8221;#dddddd&#8221;][\/ut_team_member][\/vc_column][vc_column width=&#8221;1\/3&#8243;][ut_team_member line_width=&#8221;1&#8243; line_style=&#8221;dotted&#8221; name=&#8221;Sandra Mateo&#8221; occupation=&#8221;Pride Kids &amp; Volunteer Support&#8221; social=&#8221;%5B%7B%7D%5D&#8221; ocupation_color=&#8221;#f85065&#8243; icon_color=&#8221;#252525&#8243; icon_color_hover=&#8221;#ff3f00&#8243; line_color=&#8221;#dddddd&#8221;][\/ut_team_member][\/vc_column][\/vc_row][vc_row el_class=&#8221;quitar_imagenes_equipo&#8221;][vc_column width=&#8221;1\/3&#8243;][ut_team_member line_width=&#8221;1&#8243; line_style=&#8221;dotted&#8221; name=&#8221;Xavier Valero&#8221; occupation=&#8221;Volunteer Support&#8221; social=&#8221;%5B%7B%7D%5D&#8221; ocupation_color=&#8221;#f85065&#8243; icon_color=&#8221;#252525&#8243; icon_color_hover=&#8221;#ff3f00&#8243; line_color=&#8221;#dddddd&#8221;][\/ut_team_member][\/vc_column][vc_column width=&#8221;1\/3&#8243;][ut_team_member line_width=&#8221;1&#8243; line_style=&#8221;dotted&#8221; name=&#8221;Albert Garrit&#8221; occupation=&#8221;Volunteer Support&#8221; social=&#8221;%5B%7B%7D%5D&#8221; ocupation_color=&#8221;#f85065&#8243; icon_color=&#8221;#252525&#8243; icon_color_hover=&#8221;#ff3f00&#8243; line_color=&#8221;#dddddd&#8221;][\/ut_team_member][\/vc_column][vc_column width=&#8221;1\/3&#8243;][ut_team_member line_width=&#8221;1&#8243; line_style=&#8221;dotted&#8221; name=&#8221;Maria Navarro&#8221; occupation=&#8221;Volunteer Support&#8221; social=&#8221;%5B%7B%7D%5D&#8221; ocupation_color=&#8221;#f85065&#8243; icon_color=&#8221;#252525&#8243; icon_color_hover=&#8221;#ff3f00&#8243; line_color=&#8221;#dddddd&#8221;][\/ut_team_member][\/vc_column][\/vc_row][vc_row el_class=&#8221;quitar_imagenes_equipo&#8221;][vc_column width=&#8221;1\/3&#8243;][ut_team_member line_width=&#8221;1&#8243; line_style=&#8221;dotted&#8221; name=&#8221;Nuria Esteve&#8221; occupation=&#8221;Volunteer Support&#8221; social=&#8221;%5B%7B%7D%5D&#8221; ocupation_color=&#8221;#f85065&#8243; icon_color=&#8221;#252525&#8243; icon_color_hover=&#8221;#ff3f00&#8243; line_color=&#8221;#dddddd&#8221;][\/ut_team_member][\/vc_column][vc_column width=&#8221;1\/3&#8243;][ut_team_member line_width=&#8221;1&#8243; line_style=&#8221;dotted&#8221; name=&#8221;Alba Vallcanera&#8221; occupation=&#8221;Volunteer Support&#8221; social=&#8221;%5B%7B%7D%5D&#8221; ocupation_color=&#8221;#f85065&#8243; icon_color=&#8221;#252525&#8243; icon_color_hover=&#8221;#ff3f00&#8243; line_color=&#8221;#dddddd&#8221;][\/ut_team_member][\/vc_column][vc_column width=&#8221;1\/3&#8243;][ut_team_member line_width=&#8221;1&#8243; line_style=&#8221;dotted&#8221; name=&#8221;Dani Fern\u00e1ndez Garc\u00eda&#8221; occupation=&#8221;Organitzacions Events&#8221; social=&#8221;%5B%7B%7D%5D&#8221; ocupation_color=&#8221;#f85065&#8243; icon_color=&#8221;#252525&#8243; icon_color_hover=&#8221;#ff3f00&#8243; line_color=&#8221;#dddddd&#8221;][\/ut_team_member][\/vc_column][\/vc_row][vc_row el_class=&#8221;quitar_imagenes_equipo&#8221;][vc_column width=&#8221;1\/2&#8243;][vc_column_text]<strong>MOTOR GROUP LGBTIQ+ Elderly People<\/strong><\/p>\n<ul>\n<li>\n<div>ACATHI<\/div>\n<div><\/div>\n<\/li>\n<li>\n<div>Casal Lambda<\/div>\n<div><\/div>\n<\/li>\n<li>\n<div>Fundaci\u00f3 Enlla\u00e7<\/div>\n<div><\/div>\n<\/li>\n<li>\n<div>Plataforma Vermut Trans<\/div>\n<div><\/div>\n<\/li>\n<li>\n<div>Barcelona Rainbow Singers<\/div>\n<div><\/div>\n<\/li>\n<li>\n<div>Barcelona Gay Men\u2019s Chorus<\/div>\n<div><\/div>\n<\/li>\n<li>\n<div>Panteres Grogues<\/div>\n<div><\/div>\n<\/li>\n<li>\n<div>ONG STOP<\/div>\n<div><\/div>\n<\/li>\n<li>\n<div>Grup Gent Gran del CNLGTBI<\/div>\n<\/li>\n<\/ul>\n<p>[\/vc_column_text][\/vc_column][vc_column width=&#8221;1\/2&#8243;][vc_column_text]<strong>\u00a0VERMOUTH TRANS DRIVING GROUP:<\/strong><\/p>\n<ul>\n<li>Alicia Latchinian<\/li>\n<li>Claudi de Rialp<\/li>\n<li>Lina Mulero<\/li>\n<li>Mar Arnau Gonga<\/li>\n<li>Patricia Caballero<\/li>\n<\/ul>\n<p>[\/vc_column_text][\/vc_column][\/vc_row][vc_row el_class=&#8221;quitar_imagenes_equipo&#8221;][vc_column width=&#8221;1\/3&#8243;][\/vc_column][vc_column width=&#8221;1\/3&#8243;][\/vc_column][vc_column width=&#8221;1\/3&#8243;][\/vc_column][\/vc_row][\/vc_section][vc_section el_id=&#8221;entidades&#8221;][vc_row][vc_column][ut_header font_weight=&#8221;&#8221; title=&#8221;Entities&#8221;]Behind PRIDE BCN we have the support of more than <strong>35 entities<\/strong> related to social, cultural and sports environment, family and health that work so that Barcelona continues to be a reference city for the LGTBI collective.[\/ut_header][\/vc_column][\/vc_row][vc_row][vc_column][ut_image_gallery thumbnail_size=&#8221;full&#8221; grid=&#8221;5&#8243; gap=&#8221;20&#8243; external_link=&#8221;yes&#8221; gallery=&#8221;1819,816,817,1554,819,820,821,823,2920,825,1933,826,827,1550,829,830,2454,832,834,2959,835,3485,836,837,838,839,840,841,842,843,844,845,846&#8243; class=&#8221;lista_entidades&#8221;][\/vc_column][\/vc_row][\/vc_section][vc_section][vc_row bklyn_overlay=&#8221;true&#8221; background_position=&#8221;center center&#8221; background_attachment=&#8221;scroll&#8221; css=&#8221;.vc_custom_1523974092695{background-image: url(https:\/\/www.pridebarcelona.org\/wp-content\/uploads\/2018\/04\/destacado_voluntarios.jpg?id=876) !important;background-position: center !important;background-repeat: no-repeat !important;background-size: cover !important;}&#8221; bklyn_overlay_color=&#8221;rgba(20,22,24,0.7)&#8221;][vc_column][ut_parallax_quote quotation_marks=&#8221;no&#8221; quote_font_source=&#8221;google&#8221; quote_google_fonts=&#8221;font_family:Droid%20Serif%3Aregular%2Citalic%2C700%2C700italic|font_style:400%20regular%3A400%3Anormal&#8221; quote_color=&#8221;#ffffff&#8221; quote_ins_color=&#8221;#f469cd&#8221; cite_color=&#8221;#ffffff&#8221;]The soul and heart of PRIDE BCN is also completed by <ins style=\"color: #f85065;\">more than 300 volunteers<\/ins> who selflessly make this project possible with their energy and dedication. Thanks to everyone!<br \/>\nYou are also invited to <a href=\"https:\/\/www.pridebarcelona.org\/en\/participation\/\">join us<\/a>[\/ut_parallax_quote][\/vc_column][\/vc_row][\/vc_section][vc_section el_id=&#8221;historia&#8221;][vc_row][vc_column][ut_header font_weight=&#8221;&#8221; title=&#8221;History&#8221; lead_accent_color=&#8221;#f469cd&#8221;]Barcelona hosts every summer, since 2008, the main LGBTI pride celebration in the Mediterranean: PRIDE BCN. For more than a week, the city celebrates an event of both a protesting and a festive nature, reinforcing the commitment of Barcelona with the struggle for the rights and freedoms of the LGTBI collective. More than 250,000 people come every year, making it one of the most popular Prides in Europe.<\/p>\n<p>PRIDE BCN offers a program for everyone. We can find large events such as the Pride Parade or mass concerts, and also social and cultural activities such as conferences, talks, movies or exhibitions. And of course there is also space for families and proposals for the little ones. All supported by a great volunteering team that makes this experience all possible.<\/p>\n<p>In our fight for LGTBI rights every year we commit ourselves to a social cause to provide visibility, create awareness and generate debates. These have been some of the main themes of the previous years:[\/ut_header][\/vc_column][\/vc_row][\/vc_section][vc_section bklyn_section_anchor_id=&#8221;testimonials&#8221;][vc_row bklyn_overlay=&#8221;true&#8221; background_position=&#8221;center center&#8221; background_attachment=&#8221;scroll&#8221; css=&#8221;.vc_custom_1524055334798{padding-top: 200px !important;padding-bottom: 160px !important;background-image: url(https:\/\/www.pridebarcelona.org\/wp-content\/uploads\/2018\/04\/destacado_historia_2.jpg?id=901) !important;background-position: center !important;background-repeat: no-repeat !important;background-size: cover !important;}&#8221; bklyn_overlay_color=&#8221;rgba(20,22,24,0.4)&#8221;][vc_column width=&#8221;1\/2&#8243;][\/vc_column][vc_column width=&#8221;1\/2&#8243;][vc_column_text el_class=&#8221;enlaces&#8221;]<a href=\"https:\/\/www.pridebarcelona.org\/en\/pride-bcn-2023\/\"><strong>2023 LGBTIQ+ Elderly people<\/strong><\/a><br \/>\n<a href=\"https:\/\/www.pridebarcelona.org\/en\/pride-bcn-2022\/\">2022 <strong>For lesbian visibility<\/strong><\/a><br \/>\n<a href=\"https:\/\/www.pridebarcelona.org\/en\/pride-bcn-2021-against-the-stigma-of-hiv\/\">2021 Against the stigma of HIV<\/a><br \/>\n2020 Tv Pride!<br \/>\n<a href=\"https:\/\/www.pridebarcelona.org\/en\/2515-2\/\">2019\u00a0<strong>LGTBI Families<\/strong><\/a><br \/>\n<a href=\"https:\/\/www.pridebarcelona.org\/en\/pride-2018\/\">2018 <strong>LGTBI refugees<\/strong><\/a><br \/>\n2017 <strong>Homophobia in sport<\/strong><br \/>\n2016 <strong>Trans people, as common as diverse<\/strong><br \/>\n2015 <strong>Stop bullying LGTBI<\/strong><br \/>\n2014 <strong>LGTBI rights<\/strong><br \/>\n2013 <strong>The law against LGTBIphobia<\/strong><br \/>\n2012 <strong>Support for same-sex marriage and claim of social rights<\/strong><br \/>\n2011 <strong>Health and equality<\/strong><br \/>\n2010 <strong>Trans equality<\/strong><br \/>\n2009 <strong>LGTBI rights<\/strong>[\/vc_column_text][\/vc_column][\/vc_row][\/vc_section][vc_section bklyn_section_anchor_id=&#8221;Prensa&#8221;][vc_row][vc_column][ut_header font_weight=&#8221;&#8221; title=&#8221;Press&#8221;][\/ut_header][ut_service_column_vertical align=&#8221;left&#8221; headline=&#8221;Certifications&#8221; imageicon=&#8221;2181&#8243; link=&#8221;|||&#8221;]If you want to make a special report, interviews or have access to press areas during the event, you can request your certification through press@pridebarcelona.org[\/ut_service_column_vertical][\/vc_column][\/vc_row][\/vc_section]<\/p>\n","protected":false},"excerpt":{"rendered":"<p>[vc_section el_id=&#8221;pride_2023&#8243;][vc_row][vc_column][ut_header font_weight=&#8221;&#8221; title=&#8221;Pride! BCN&#8221;][\/ut_header][\/vc_column][\/vc_row][vc_row][vc_column][vc_column_text] PRIDE Barcelona is an event  [&#8230;]<\/p>\n","protected":false},"author":1,"featured_media":0,"parent":0,"menu_order":0,"comment_status":"closed","ping_status":"closed","template":"","meta":{"footnotes":""},"class_list":["post-1346","page","type-page","status-publish","hentry"],"_links":{"self":[{"href":"https:\/\/www.pridebarcelona.org\/en\/wp-json\/wp\/v2\/pages\/1346","targetHints":{"allow":["GET"]}}],"collection":[{"href":"https:\/\/www.pridebarcelona.org\/en\/wp-json\/wp\/v2\/pages"}],"about":[{"href":"https:\/\/www.pridebarcelona.org\/en\/wp-json\/wp\/v2\/types\/page"}],"author":[{"embeddable":true,"href":"https:\/\/www.pridebarcelona.org\/en\/wp-json\/wp\/v2\/users\/1"}],"replies":[{"embeddable":true,"href":"https:\/\/www.pridebarcelona.org\/en\/wp-json\/wp\/v2\/comments?post=1346"}],"version-history":[{"count":72,"href":"https:\/\/www.pridebarcelona.org\/en\/wp-json\/wp\/v2\/pages\/1346\/revisions"}],"predecessor-version":[{"id":3525,"href":"https:\/\/www.pridebarcelona.org\/en\/wp-json\/wp\/v2\/pages\/1346\/revisions\/3525"}],"wp:attachment":[{"href":"https:\/\/www.pridebarcelona.org\/en\/wp-json\/wp\/v2\/media?parent=1346"}],"curies":[{"name":"wp","href":"https:\/\/api.w.org\/{rel}","templated":true}]}}